{"id":5062,"date":"2021-09-02T17:08:36","date_gmt":"2021-09-02T15:08:36","guid":{"rendered":"https:\/\/www.epcsrl.eu\/?page_id=5062"},"modified":"2021-10-25T14:40:03","modified_gmt":"2021-10-25T12:40:03","slug":"gain-summer-school-course-material","status":"publish","type":"page","link":"https:\/\/www.epcsrl.eu\/it\/gain-summer-school-course-material\/","title":{"rendered":"GAIN Summer School Course Material"},"content":{"rendered":"<p style=\"text-align: right;\"><span style=\"color: #800000;\">ATTENTION: The vision of this webpage is reserved and restricted to the GAIN Summer School Participants<span style=\"color: #ffffff;\">&#8230;&#8230;&#8230;&#8230;..<\/span><\/span><\/p>\n<p style=\"text-align: right;\"><strong>Last Update : Octoberber 25th 2021<\/strong><\/p>\n<div><\/div>\n<div><\/div>\n<div><\/div>\n<div><\/div>\n<div><\/div>\n<div><\/div>\n<div><\/div>\n<div><\/div>\n<h3>GAIN Summer School: Lectures Presentations<\/h3>\n<p><span style=\"color: #800000;\"><strong>GAIN Summer School &#8211; Day 1<\/strong><\/span><a href=\"http:\/\/www.epcsrl.eu\/wp-content\/uploads\/2021\/10\/Day-1-1-GAIN-Summer-School_introduction.pdf\" target=\"_blank\" rel=\"noopener\">Roberto Pastres &#8211; GAIN Summer School Presentation\u00a0<\/a><a href=\"http:\/\/www.epcsrl.eu\/wp-content\/uploads\/2021\/09\/GAIN-SS-Day-1-Changbo-Zhu-Ecological-intensification-in-China.pdf\" target=\"_blank\" rel=\"noopener\">Changbo Zhu &#8211; Ecological intensification in China<\/a><a href=\"http:\/\/www.epcsrl.eu\/wp-content\/uploads\/2021\/09\/GAIN-SS-Day-1-Elisa-Ravagnan-Increasing-circularityand-lowering-waste-of-Integrated-Multi-Trophic-Aquaculture-H2020-ASTRAL.pdf\" target=\"_blank\" rel=\"noopener\">Elisa Ravagnan &#8211; Increasing circularityand lowering waste of Integrated Multi Trophic Aquaculture (H2020 ASTRAL)<\/a><a href=\"http:\/\/www.epcsrl.eu\/wp-content\/uploads\/2021\/10\/Day-1-5-NTA-GAIN-Summer-School-Presentation.pdf\" target=\"_blank\" rel=\"noopener\">Alessio Bonaldo &#8211; New technologies tools and strategies for a sustainable, resilient and innovative European Aquaculture (H2020 New Tech Aqua)<\/a><a href=\"http:\/\/www.epcsrl.eu\/wp-content\/uploads\/2021\/09\/GAIN-SS-Day-1-Tamas-Bardocz-Intelligent-fish-feeding-through-integrated-Multi-Trophic-Acquaculture-H2020-iFishIENCi.pdf\" target=\"_blank\" rel=\"noopener\">Tamas Bardocz &#8211; Intelligent fish feeding through integrated Multi Trophic Acquaculture (H2020 iFishIENCi)<\/a><a href=\"http:\/\/www.epcsrl.eu\/wp-content\/uploads\/2021\/10\/Day-1-7-GAIN-Summer-School-Jon-Grant.pdf\" target=\"_blank\" rel=\"noopener\">Jon Grant &#8211; The Deep Ocean Project<\/a><a href=\"http:\/\/www.epcsrl.eu\/wp-content\/uploads\/2021\/10\/DAY-1-3-GAIN-SS-Frank-Kane-TALKshare.pdf\" target=\"_blank\" rel=\"noopener\">Frank Kane &#8211; Intelligent Management Systems for Integrated Multi Trophic Aquaculture (H2020 IMPAQT)<\/a><span style=\"color: #800000;\"><strong>GAIN Summer School &#8211; Day 2<\/strong><\/span><a href=\"http:\/\/www.epcsrl.eu\/wp-content\/uploads\/2021\/09\/GAIN-SS-Day-2-Edouard-Royer-Data-assimilation.pdf\" target=\"_blank\" rel=\"noopener\">Edouard Royer &#8211; Data assimilation<\/a><\/p>\n<p style=\"text-align: left;\"><a href=\"http:\/\/www.epcsrl.eu\/wp-content\/uploads\/2021\/09\/GAIN-SS-Day-2-Edouard-Royer-GAIN-IMS-Data-Hub-Italian-case.pdf\" target=\"_blank\" rel=\"noopener\">Edouard Royer &#8211; GAIN IMS Data Hub Italian case<\/a><\/p>\n<p><a href=\"http:\/\/www.epcsrl.eu\/wp-content\/uploads\/2021\/10\/Day-2-GAIN_SS_IBM_DataDrivenModels-compresso.pdf\" target=\"_blank\" rel=\"noopener\">Fearghal O&#8217;Donncha &#8211; Data driven models for the prediction of external forcings<\/a><a href=\"http:\/\/www.epcsrl.eu\/wp-content\/uploads\/2021\/10\/Joao-G.-Ferreira-Process-based-growth-models.pdf\" target=\"_blank\" rel=\"noopener\">Joao G. Ferreira &#8211; Process based growth models<\/a><span style=\"color: #800000;\"><strong>GAIN Summer School &#8211; Day 3<\/strong><\/span><a href=\"http:\/\/www.epcsrl.eu\/wp-content\/uploads\/2021\/09\/GAIN-SS-Day3-C.Bruckner_-H.Baarset-Getting-the-best-out-of-aquaculture-wastes.pdf\" target=\"_blank\" rel=\"noopener\">Christian Bruckner &amp; Hallstein Baarset &#8211; Getting the best out of aquaculture wastes<\/a><\/p>\n<p style=\"text-align: left;\"><a href=\"http:\/\/www.epcsrl.eu\/wp-content\/uploads\/2021\/09\/GAIN-SS-Day-3-Leticia-Regueiro-Valorising-shells.pdf\" target=\"_blank\" rel=\"noopener\">Leticia Regueiro &#8211; Valorising shells<\/a><\/p>\n<p style=\"text-align: left;\"><a href=\"http:\/\/www.epcsrl.eu\/wp-content\/uploads\/2021\/09\/GAIN-SS-Day-3-XAVA-Otaining-of-valuable-products-and-chemicals-from-fish-farming-by-products.pdf\" target=\"_blank\" rel=\"noopener\">Xos\u00e9 Ant\u00f2n V\u00e0zquez Alvarez &#8211; Otaining of valuable products and chemicals from fish farming by-products<\/a><\/p>\n<div class=\"nova-legacy-o-pack__item\">\n<div class=\"nova-legacy-e-text nova-legacy-e-text--size-xxl nova-legacy-e-text--family-sans-serif nova-legacy-e-text--spacing-xxs nova-legacy-e-text--color-inherit fn\"><a href=\"http:\/\/www.epcsrl.eu\/wp-content\/uploads\/2021\/10\/Day-3-4-Aquafeeds-Revolution_GAIN-Summer-School.pdf\" target=\"_blank\" rel=\"noopener\">Lu\u00eds Concei\u00e7\u00e3o &#8211; Aquafeeds Revolution<\/a><\/div>\n<\/div>\n<p><strong><span style=\"color: #800000;\">GAIN Summer School &#8211; Day 4<\/span><\/strong><a href=\"http:\/\/www.epcsrl.eu\/wp-content\/uploads\/2021\/09\/GAIN-SS-Day-4-Cornelia-Kreiss-Assessing-economic-sustainability-of-innovations-the-typical-farm-approach.pdf\" target=\"_blank\" rel=\"noopener\">Cornelia Kreiss &#8211; Assessing economic sustainability of innovations the typical farm approach<\/a><a href=\"http:\/\/www.epcsrl.eu\/wp-content\/uploads\/2021\/10\/Day-4-2-GAIN-Summer-School-Presentation-Prof.-Roberto-Pastres-02.09.2021.pdf\" target=\"_blank\" rel=\"noopener\">Roberto Pastres &#8211; LCA: a more and more popular tool for assessing sustainability<\/a><a href=\"http:\/\/www.epcsrl.eu\/wp-content\/uploads\/2021\/09\/GAIN-SS-Day-4-Richard-Newton-Beyond-LCA-the-EISI-index.pdf\" target=\"_blank\" rel=\"noopener\">Richard Newton &#8211; Beyond LCA the EISI index<\/a><a href=\"http:\/\/www.epcsrl.eu\/wp-content\/uploads\/2021\/10\/Day-4-4-final_GAIN_SS_GescheKrause_02_Sep_2021.pdf\" target=\"_blank\" rel=\"noopener\">Gesche Krause &#8211; Social acceptability of eco-intensified aquaculture products<\/a><a href=\"http:\/\/www.epcsrl.eu\/wp-content\/uploads\/2021\/09\/GAIN-SS-Day-4-Silvia-Maiolo-Softwares-for-LCA-an-overview.pdf\" target=\"_blank\" rel=\"noopener\">Silvia Maiolo &#8211; Softwares for LCA an overview<\/a><strong><span style=\"color: #800000;\">GAIN Summer School &#8211; Day 5<\/span><\/strong><a href=\"http:\/\/www.epcsrl.eu\/wp-content\/uploads\/2021\/09\/GAIN-SS-Day-5-Anton-Immink-Innovation-incubators-new-digital-tools-and-new-feedingredients.pptx\" target=\"_blank\" rel=\"noopener\">Anton Immink &#8211; Innovation incubators, new digital tools and new feed\/ingredients<\/a><a href=\"http:\/\/www.epcsrl.eu\/wp-content\/uploads\/2021\/09\/GAIN-SS-Day-5-Patrick-Sorgeloos-Ecological-Approaches-in-Asia-aquaculture.pdf\" target=\"_blank\" rel=\"noopener\">Patrick Sorgeloos &#8211; Ecological Approaches in Asia aquaculture<\/a><a href=\"http:\/\/www.epcsrl.eu\/wp-content\/uploads\/2021\/10\/Joao-G.-Ferreira-Low-Trophic-Aquaculture-Ecosystem-Services.pdf\" target=\"_blank\" rel=\"noopener\">Joao G. Ferreira &#8211; Low Trophic Aquaculture Ecosystem Services<\/a><a href=\"http:\/\/www.epcsrl.eu\/wp-content\/uploads\/2021\/09\/GAIN-SS-Day-5-Piotr-Wesley-Tools-VCA-and-its-application-to-the-carp-supply-chain.pdf\" target=\"_blank\" rel=\"noopener\">Piotr &amp; Wesley &#8211; Tools VCA and its application to the carp supply chain<\/a><\/p>\n<h3><span style=\"color: #800000;\">GAIN Summer School: Bibliography<\/span><\/h3>\n<ul>\n<li><a href=\"http:\/\/www.epcsrl.eu\/wp-content\/uploads\/2021\/09\/DeSchryverEMS-PLOS-2014.pdf\" target=\"_blank\" rel=\"noopener\">De Schryver P, Defoirdt T, Sorgeloos P (2014) Early Mortality Syndrome Outbreaks: A Microbial Management Issue in Shrimp Farming? PLoS Pathog 10(4): e1003919. doi:10.1371\/journal.ppat.1003919<\/a><\/li>\n<\/ul>\n<ul>\n<li><a href=\"http:\/\/www.epcsrl.eu\/wp-content\/uploads\/2021\/09\/DeSchryverManaging_the_microbiota_in_aquaculture_systems_for_disease_prevention_and_control.pdf\" target=\"_blank\" rel=\"noopener\">De Schryver, P., Defoirdt, T., Boon, N., Verstraete, W., &amp; Bossier, P. (2012). Managing the microbiota in aquaculture systems for disease prevention and control. <i>Infectious Disease in Aquaculture<\/i>, 394\u2013418. https:\/\/doi.org\/10.1533\/9780857095732.3.394<\/a><\/li>\n<\/ul>\n<div>\n<div><\/div>\n<\/div>\n<ul>\n<li><a href=\"http:\/\/www.epcsrl.eu\/wp-content\/uploads\/2021\/09\/ManagingMicrobialCommunityVadstein2018.pdf\" target=\"_blank\" rel=\"noopener\">Vadstein O, Attramadal KJK, Bakke I, Forberg T, Olsen Y, Verdegem M, Giatsis C, Skjermo J, Aasen IM, Gatesoupe F-J, Dierckens K,Sorgeloos P and Bossier P (2018)Managing the Microbial Community of Marine Fish Larvae: A Holistic Perspective for Larviculture.Front. Microbiol. 9:1820. doi: 10.3389\/fmicb.2018.01820<\/a><\/li>\n<\/ul>\n<ul>\n<li><a href=\"http:\/\/www.epcsrl.eu\/wp-content\/uploads\/2021\/09\/Vadsteinetal2018.pdf\" target=\"_blank\" rel=\"noopener\">Vadstein O, Attramadal KJK, Bakke I and Olsen Y (2018) K-Selection as Microbial CommunityManagement Strategy: A Method for Improved Viability of Larvae in Aquaculture. Front. Microbiol. 9:2730. doi: 10.3389\/fmicb.2018.02730<\/a><\/li>\n<\/ul>\n<p><a href=\"http:\/\/www.epcsrl.eu\/wp-content\/uploads\/2021\/09\/Bertolini-et-al.-2021_ices.pdf\" target=\"_blank\" rel=\"noopener\">Bertolini, C., Bernardini, I., Brigolin, D., Matozzo, V., Milan, M., &amp; Pastres, R. (2021). A bioenergetic model to Address carbon sequestration potential of SHELLFISH FARMING: Example from ruditapes PHILIPPINARUM in the Venice lagoon. <i>ICES Journal of Marine Science<\/i>. https:\/\/doi.org\/10.1093\/icesjms\/fsab099<\/a><\/p>\n<div><\/div>\n<ul>\n<li><a href=\"http:\/\/www.epcsrl.eu\/wp-content\/uploads\/2021\/09\/Lourguouial_2017.pdf\" target=\"_blank\" rel=\"noopener\">Lourguioui, H., Brigolin, D., Boulahdid, M., &amp; Pastres, R. (2017). A perspective for reducing environmental impacts of mussel culture in Algeria. <i>The International Journal of Life Cycle Assessment<\/i>, <i>22<\/i>(8), 1266\u20131277. https:\/\/doi.org\/10.1007\/s11367-017-1261-7<\/a><\/li>\n<\/ul>\n<div><\/div>\n<ul>\n<li><a href=\"http:\/\/www.epcsrl.eu\/wp-content\/uploads\/2021\/09\/Maioloal_JCLP_2020_proof.pdf\" target=\"_blank\" rel=\"noopener\">S. Maiolo, A.A. Forchino, F. Faccenda et al., From feed to fork e Life Cycle Assessment on an Italian rainbow trout (Oncorhynchus mykiss) supply chain, Journal of Cleaner Production, https:\/\/doi.org\/10.1016\/j.jclepro.2020.125155<\/a><\/li>\n<\/ul>\n<ul>\n<li><a href=\"http:\/\/www.epcsrl.eu\/wp-content\/uploads\/2021\/09\/Royeral_2021.pdf\" target=\"_blank\" rel=\"noopener\">Royer, E., Faccenda, F., &amp; Pastres, R. (2021). Estimating oxygen consumption of rainbow trout (ONCORHYNCHUS mykiss) in A Raceway: A Precision fish Farming approach. <i>Aquacultural Engineering<\/i>, <i>92<\/i>, 102141. https:\/\/doi.org\/10.1016\/j.aquaeng.2020.102141<\/a><\/li>\n<\/ul>\n<div><\/div>\n<ul>\n<li><a href=\"http:\/\/www.epcsrl.eu\/wp-content\/uploads\/2021\/09\/19_FPHs_salmonids.pdf\" target=\"_blank\" rel=\"noopener\">V\u00e1zquez, J. A., Sotelo, C. G., Sanz, N., P\u00e9rez-Mart\u00edn, R. I., Rodr\u00edguez-Amado, I., &amp; Valcarcel, J. (2019). Valorization of aquaculture by-products of SALMONIDS to PRODUCE Enzymatic Hydrolysates: Process Optimization, chemical characterization and evaluation OF BIOACTIVES. <i>Marine Drugs<\/i>, <i>17<\/i>(12), 676. https:\/\/doi.org\/10.3390\/md17120676<\/a><\/li>\n<\/ul>\n<div><\/div>\n<div><\/div>\n<ul>\n<li><a href=\"http:\/\/www.epcsrl.eu\/wp-content\/uploads\/2021\/09\/20_FPH_seabream_seabass.pdf\" target=\"_blank\" rel=\"noopener\">Valcarcel, J., Sanz, N., &amp; V\u00e1zquez, J. A. (2020). Optimization of the Enzymatic PROTEIN hydrolysis of by-products from Seabream (Sparus Aurata) AND Seabass (Dicentrarchus labrax), chemical and FUNCTIONAL CHARACTERIZATION. <i>Foods<\/i>, <i>9<\/i>(10), 1503. https:\/\/doi.org\/10.3390\/foods9101503<\/a><\/li>\n<\/ul>\n<div><\/div>\n<div><\/div>\n<div><\/div>\n<ul>\n<li><a href=\"http:\/\/www.epcsrl.eu\/wp-content\/uploads\/2021\/09\/20_FPHs_fish-discards_pilot-plant.pdf\" target=\"_blank\" rel=\"noopener\">V\u00e1zquez, J. A., Fraguas, J., Mir\u00f3n, J., Valc\u00e1rcel, J., P\u00e9rez-Mart\u00edn, R. I., &amp; Antelo, L. T. (2020). Valorisation of Fish discards assisted by Enzymatic hydrolysis and MICROBIAL bioconversion: Lab and pilot plant studies and preliminary SUSTAINABILITY EVALUATION. <i>Journal of Cleaner Production<\/i>, <i>246<\/i>, 119027. https:\/\/doi.org\/10.1016\/j.jclepro.2019.119027<\/a><\/li>\n<\/ul>\n<div><\/div>\n<div><\/div>\n<div><\/div>\n<div><\/div>\n<ul>\n<li><a href=\"http:\/\/www.epcsrl.eu\/wp-content\/uploads\/2021\/09\/20_FPHs_rodaballo.pdf\" target=\"_blank\" rel=\"noopener\">V\u00e1zquez, J. A., Rodr\u00edguez-Amado, I., Sotelo, C. G., Sanz, N., P\u00e9rez-Mart\u00edn, R. I., &amp; Valc\u00e1rcel, J. (2020). Production, characterization, and bioactivity of fish protein hydrolysates from aquaculture Turbot (scophthalmus Maximus) wastes. <i>Biomolecules<\/i>, <i>10<\/i>(2), 310. https:\/\/doi.org\/10.3390\/biom10020310<\/a><\/li>\n<\/ul>\n<div><\/div>\n<div><\/div>\n<div><\/div>\n<div><\/div>\n<div><\/div>\n<ul>\n<li><a href=\"http:\/\/www.epcsrl.eu\/wp-content\/uploads\/2021\/09\/20_Peptonas_acuicultura_bacterias.pdf\" target=\"_blank\" rel=\"noopener\">V\u00e1zquez, J. A., Dur\u00e1n, A. I., Mendu\u00ed\u00f1a, A., &amp; Nogueira, M. (2020). Biotechnological valorization of Food Marine wastes: Microbial productions on Peptones obtained from aquaculture by-products. <i>Biomolecules<\/i>, <i>10<\/i>(8), 1184. https:\/\/doi.org\/10.3390\/biom10081184<\/a><\/li>\n<\/ul>\n<div><\/div>\n<div><\/div>\n<div><\/div>\n<div><\/div>\n<div><\/div>\n<div><\/div>\n<ul>\n<li><a href=\"http:\/\/www.epcsrl.eu\/wp-content\/uploads\/2021\/09\/21_Bioapatitas_descartes_salmon.pdf\" target=\"_blank\" rel=\"noopener\">Fern\u00e1ndez-Arias, M.; \u00c1lvarez-Olcina, I.; Malvido-Fresnillo, P.; V\u00e1zquez, J.A.; Boutinguiza, M.; Comesa\u00f1a, R.; Pou, J. Biogenic Calcium Phosphate from Fish Discards and By-Products. Appl. Sci. 2021, 11, 3387. https:\/\/doi.org\/10.3390\/app11083387<\/a><\/li>\n<\/ul>\n<div><\/div>\n<div><\/div>\n<div><\/div>\n<div><\/div>\n<div><\/div>\n<div><\/div>\n<ul>\n<li><a href=\"http:\/\/www.epcsrl.eu\/wp-content\/uploads\/2021\/09\/21_Gelatina_rodaballo.pdf\" target=\"_blank\" rel=\"noopener\">Valcarcel, J.; Fraguas, J.; Hermi-da-Merino, C.; Hermida-Merino, D.; Pi\u00f1eiro, M ; V\u00e1zquez, J.A. Production and Ahysicochemical Characteriza-tion of Gelatin and Collagen Hy-drolysates from Turbot Skin Waste Generated by Aquaculture Activities. Mar. Drugs 2021, 19, 491. https:\/\/doi.org\/10.3390\/md19090491<\/a><\/li>\n<\/ul>\n<div><\/div>\n<div><\/div>\n<div><\/div>\n<div><\/div>\n<div><\/div>\n<div><\/div>\n<ul>\n<li><a href=\"http:\/\/www.epcsrl.eu\/wp-content\/uploads\/2021\/09\/21_Gelatina_salmon.pdf\" target=\"_blank\" rel=\"noopener\">Valcarcel, J.; Fraguas, J.; Hermida-Merino, C.; Hermida-Merino, D.; Pi\u00f1eiro, M.M.; V\u00e1zquez, J.A. Production and Physicochemical Characterization of Gelatin and Collagen Hydrolysates from Turbot Skin Waste Generated by Aquaculture Activities. Mar. Drugs 2021, 19, 491. https:\/\/doi.org\/10.3390\/md19090491<\/a><\/li>\n<\/ul>\n<div><\/div>\n<div><\/div>\n<div><\/div>\n<div><\/div>\n<div><\/div>\n<div><\/div>\n<ul>\n<li><a href=\"http:\/\/www.epcsrl.eu\/wp-content\/uploads\/2021\/09\/fmicb-09-024572.pdf\" target=\"_blank\" rel=\"noopener\">Alfiansah, Y. R., Peters, S., Harder, J., Hassenr\u00fcck, C., &amp; G\u00e4rdes, A. (2020). Structure and CO-OCCURRENCE patterns of bacterial communities associated with WHITE faeces disease outbreaks in Pacific White-leg shrimp PENAEUS VANNAMEI AQUACULTURE. <i>Scientific Reports<\/i>, <i>10<\/i>(1). https:\/\/doi.org\/10.1038\/s41598-020-68891-6<\/a><\/li>\n<\/ul>\n<div><\/div>\n<div><\/div>\n<div><\/div>\n<div><\/div>\n<div><\/div>\n<div><\/div>\n<div><\/div>\n<ul>\n<li><a href=\"http:\/\/www.epcsrl.eu\/wp-content\/uploads\/2021\/09\/s41598-020-68891-62.pdf\" target=\"_blank\" rel=\"noopener\">Alfiansah YR, Hassenr\u00fcck C, Kunzmann A, Taslihan A, Harder J and G\u00e4rdes A (2018) Bacterial Abundance and Community Composition in Pond Water From Shrimp Aquaculture Systems With Different Stocking Densities. Front. Microbiol. 9:2457. doi: 10.3389\/fmicb.2018.02457<\/a><\/li>\n<\/ul>\n<div><\/div>\n<div><\/div>\n<div><\/div>\n<div><\/div>\n<div><\/div>\n<div><\/div>\n<div><\/div>\n<ul>\n<li><a href=\"http:\/\/www.epcsrl.eu\/wp-content\/uploads\/2021\/09\/Policy-Brief-Indonesia_2019_02_final.pdf\" target=\"_blank\" rel=\"noopener\">Alfiansah YR,\u00a0 Gardes A (2019) <i>POLICY brief2019\/ 2 &#8211; zmt<\/i>. (n.d.). https:\/\/www.leibniz-zmt.de\/images\/content\/pdf\/Policy_Briefs\/Policy_Brief_Indonesia_2019_02_final.pdf.<\/a>\n<div><\/div>\n<\/li>\n<\/ul>\n<div><\/div>\n<div><\/div>\n<div><\/div>\n<div><\/div>\n<div><\/div>\n<div><\/div>\n<div><\/div>\n<h3><span style=\"color: #800000;\">GAIN Summer School: Other Contributions<\/span><\/h3>\n<p><a href=\"https:\/\/drive.google.com\/file\/d\/1Gsg0nX5lH4p_BgxTyjEXVNlZOh9JJwtE\/view\" target=\"_blank\" rel=\"noopener\">WAS &#8211; APC WEBINAR: Microbial Managements in Aquaculture (Google Link)<\/a><\/p>\n<div><\/div>\n<div><\/div>\n<div><\/div>\n<div><\/div>\n<div><\/div>\n<div><\/div>\n<div><\/div>\n<div><\/div>\n<h3 style=\"text-align: center;\"><span style=\"color: #3366ff;\">Contacts<\/span><\/h3>\n<p>[qode_elements_holder number_of_columns=&#8221;four_columns&#8221; switch_to_one_column=&#8221;768&#8243;][qode_elements_holder_item vertical_alignment=&#8221;top&#8221; advanced_animations=&#8221;no&#8221; item_padding=&#8221;10px&#8221;]<\/p>\n<p style=\"text-align: justify;\"><span style=\"color: #3366ff;\"><strong>School Organizers<\/strong><\/span><\/p>\n<p style=\"text-align: justify;\"><strong>Roberto Pastres<\/strong>\u00a0(Ca\u2019 Foscari University), program director<\/p>\n<p style=\"text-align: justify;\"><strong>Edouard Royer<\/strong>\u00a0(Ca\u2019 Foscari University), program assistant<\/p>\n<p style=\"text-align: left;\"><strong>School Secretariat<\/strong>: <span style=\"color: #3366ff;\"><a style=\"color: #3366ff;\" href=\"mailto:H2020gain.school@gmail.com\">h2020gain.school@gmail.com<\/a><\/span><\/p>\n<p>[\/qode_elements_holder_item][qode_elements_holder_item vertical_alignment=&#8221;top&#8221; advanced_animations=&#8221;no&#8221; item_padding=&#8221;10px&#8221;]<\/p>\n<p style=\"text-align: justify;\"><span style=\"color: #3366ff;\"><strong>GAIN &#8211; Green Aquaculture <\/strong><\/span><\/p>\n<p style=\"text-align: justify;\"><span style=\"color: #3366ff;\"><strong>Intensification in Europe<\/strong><\/span><\/p>\n<p style=\"text-align: justify;\"><span style=\"color: #3366ff;\"><a style=\"color: #3366ff;\" href=\"https:\/\/www.unive.it\/pag\/33897\" target=\"_blank\" rel=\"noopener\">www.unive.it\/gainh2020.eu<\/a><\/span><\/p>\n<p style=\"text-align: justify;\">Department of<\/p>\n<p style=\"text-align: justify;\">Environmental\u00a0 Sciences,<\/p>\n<p style=\"text-align: justify;\">Informatics and Statistics (DAIS)<\/p>\n<p style=\"text-align: justify;\"><span style=\"color: #3366ff;\"><strong>Scientific Campus<\/strong><\/span>,<\/p>\n<p style=\"text-align: justify;\">via Torino 155, 30170<\/p>\n<p style=\"text-align: justify;\">Venezia Mestre, Italy<\/p>\n<p>[\/qode_elements_holder_item][qode_elements_holder_item vertical_alignment=&#8221;top&#8221; advanced_animations=&#8221;no&#8221; item_padding=&#8221;10px&#8221;]<\/p>\n<p style=\"text-align: justify;\"><span style=\"color: #3366ff;\"><strong>GAIN management team<\/strong><\/span><\/p>\n<p style=\"text-align: justify;\">Roberto Pastres, scientific coordinator<\/p>\n<p style=\"text-align: justify;\">Chiara Licata, project manager<\/p>\n<p style=\"text-align: justify;\">Phone\u00a0 +39 041 234 8674<\/p>\n<p style=\"text-align: justify;\"><span style=\"color: #3366ff;\"><a style=\"color: #3366ff;\" href=\"mailto:gain2020@unive.it\">gain2020@unive.it\u00a0<\/a><\/span><\/p>\n<p style=\"text-align: justify;\"><a style=\"color: #3366ff;\" href=\"mailto:H2020gain.school@gmail.com\">h2020gain.school@gmail.com<\/a><\/p>\n<p><span style=\"color: #3366ff;\"><a style=\"color: #3366ff;\" href=\"https:\/\/gain2020.blog\/\" target=\"_blank\" rel=\"noopener\">GAIN blog<\/a><\/span>[\/qode_elements_holder_item][qode_elements_holder_item vertical_alignment=&#8221;top&#8221; advanced_animations=&#8221;no&#8221; item_padding=&#8221;10px&#8221;]<\/p>\n<p style=\"text-align: justify;\">This project receives funding from the\u00a0<strong><span style=\"color: #3366ff;\">European Union\u2019s Horizon 2020<\/span>\u00a0<\/strong>research and innovation programme under grant agreement No<strong>\u00a0<span style=\"color: #3366ff;\">773330<\/span>\u00a0<\/strong>(GAIN, Green Aquaculture Intensification in Europe). The content of this website does not reflect the official opinion of the European Union. Responsibility for the information and views expressed therein lies entirely with the author(s).<\/p>\n<p style=\"text-align: justify;\">Start date:<span style=\"color: #3366ff;\">\u00a0<strong>01\/05\/2018<\/strong><\/span><br \/>\nEnd date:\u00a0<span style=\"color: #3366ff;\"><strong>31\/10\/2021<\/strong><\/span><\/p>\n<p>[\/qode_elements_holder_item][\/qode_elements_holder]<\/p>\n","protected":false},"excerpt":{"rendered":"<p>ATTENTION: The vision of this webpage is reserved and restricted to the GAIN Summer School Participants&#8230;&#8230;&#8230;&#8230;.. Last Update : Octoberber 25th 2021 GAIN Summer School: Lectures Presentations GAIN Summer School &#8211; Day 1Roberto Pastres &#8211; GAIN Summer School Presentation\u00a0Changbo Zhu &#8211; Ecological intensification in ChinaElisa Ravagnan &#8211; Increasing circularityand lowering waste of Integrated Multi Trophic [&hellip;]<\/p>\n","protected":false},"author":10,"featured_media":0,"parent":0,"menu_order":0,"comment_status":"open","ping_status":"closed","template":"landing_page.php","meta":{"_acf_changed":false,"footnotes":""},"class_list":["post-5062","page","type-page","status-publish","hentry"],"acf":[],"_links":{"self":[{"href":"https:\/\/www.epcsrl.eu\/it\/wp-json\/wp\/v2\/pages\/5062","targetHints":{"allow":["GET"]}}],"collection":[{"href":"https:\/\/www.epcsrl.eu\/it\/wp-json\/wp\/v2\/pages"}],"about":[{"href":"https:\/\/www.epcsrl.eu\/it\/wp-json\/wp\/v2\/types\/page"}],"author":[{"embeddable":true,"href":"https:\/\/www.epcsrl.eu\/it\/wp-json\/wp\/v2\/users\/10"}],"replies":[{"embeddable":true,"href":"https:\/\/www.epcsrl.eu\/it\/wp-json\/wp\/v2\/comments?post=5062"}],"version-history":[{"count":0,"href":"https:\/\/www.epcsrl.eu\/it\/wp-json\/wp\/v2\/pages\/5062\/revisions"}],"wp:attachment":[{"href":"https:\/\/www.epcsrl.eu\/it\/wp-json\/wp\/v2\/media?parent=5062"}],"curies":[{"name":"wp","href":"https:\/\/api.w.org\/{rel}","templated":true}]}}